{"id":28555,"date":"2022-05-18T09:31:49","date_gmt":"2022-05-18T13:31:49","guid":{"rendered":"https:\/\/www.cornyn.senate.gov\/academias-de-servicio\/"},"modified":"2023-04-05T08:39:12","modified_gmt":"2023-04-05T12:39:12","slug":"academias-de-servicio","status":"publish","type":"page","link":"https:\/\/www.cornyn.senate.gov\/es-mx\/academias-de-servicio\/","title":{"rendered":"Academias de servicio"},"content":{"rendered":"\t\t<div data-elementor-type=\"wp-page\" data-elementor-id=\"28555\" class=\"elementor elementor-28555 elementor-16582\" data-elementor-post-type=\"page\">\n\t\t\t\t\t\t<section class=\"elementor-section elementor-top-section elementor-element elementor-element-3bd63663 elementor-section-boxed elementor-section-height-default elementor-section-height-default\" data-id=\"3bd63663\" data-element_type=\"section\" data-e-type=\"section\">\n\t\t\t\t\t\t<div class=\"elementor-container elementor-column-gap-default\">\n\t\t\t\t\t<div class=\"elementor-column elementor-col-100 elementor-top-column elementor-element elementor-element-447b652f\" data-id=\"447b652f\" data-element_type=\"column\" data-e-type=\"column\">\n\t\t\t<div class=\"elementor-widget-wrap elementor-element-populated\">\n\t\t\t\t\t\t<section class=\"elementor-section elementor-inner-section elementor-element elementor-element-29087cae elementor-section-boxed elementor-section-height-default elementor-section-height-default\" data-id=\"29087cae\" data-element_type=\"section\" data-e-type=\"section\">\n\t\t\t\t\t\t<div class=\"elementor-container elementor-column-gap-default\">\n\t\t\t\t\t<div class=\"elementor-column elementor-col-50 elementor-inner-column elementor-element elementor-element-589533ca\" data-id=\"589533ca\" data-element_type=\"column\" data-e-type=\"column\">\n\t\t\t<div class=\"elementor-widget-wrap elementor-element-populated\">\n\t\t\t\t\t\t<div class=\"elementor-element elementor-element-4b89036e breadcrumb--back elementor-widget elementor-widget-button\" data-id=\"4b89036e\" data-element_type=\"widget\" data-e-type=\"widget\" data-widget_type=\"button.default\">\n\t\t\t\t<div class=\"elementor-widget-container\">\n\t\t\t\t\t\t\t\t\t<div class=\"elementor-button-wrapper\">\n\t\t\t\t\t<a class=\"elementor-button elementor-button-link elementor-size-sm\" href=\"https:\/\/www.cornyn.senate.gov\/es-mx\/recursos-para-estudiantes\/\">\n\t\t\t\t\t\t<span class=\"elementor-button-content-wrapper\">\n\t\t\t\t\t\t<span class=\"elementor-button-icon\">\n\t\t\t\t<i aria-hidden=\"true\" class=\"icon icon-arrow-left\"><\/i>\t\t\t<\/span>\n\t\t\t\t\t\t\t\t\t<span class=\"elementor-button-text\">Recursos para estudiantes<\/span>\n\t\t\t\t\t<\/span>\n\t\t\t\t\t<\/a>\n\t\t\t\t<\/div>\n\t\t\t\t\t\t\t\t<\/div>\n\t\t\t\t<\/div>\n\t\t\t\t\t<\/div>\n\t\t<\/div>\n\t\t\t\t<div class=\"elementor-column elementor-col-50 elementor-inner-column elementor-element elementor-element-4e069d6d content-page__content\" data-id=\"4e069d6d\" data-element_type=\"column\" data-e-type=\"column\">\n\t\t\t<div class=\"elementor-widget-wrap elementor-element-populated\">\n\t\t\t\t\t\t<div class=\"elementor-element elementor-element-2c172e51 elementor-widget elementor-widget-theme-post-title elementor-page-title elementor-widget-heading\" data-id=\"2c172e51\" data-element_type=\"widget\" data-e-type=\"widget\" data-widget_type=\"theme-post-title.default\">\n\t\t\t\t<div class=\"elementor-widget-container\">\n\t\t\t\t\t<h1 class=\"elementor-heading-title elementor-size-default\">Academias de servicio<\/h1>\t\t\t\t<\/div>\n\t\t\t\t<\/div>\n\t\t\t\t<div class=\"elementor-element elementor-element-edec263 elementor-widget-divider--view-line elementor-widget elementor-widget-divider\" data-id=\"edec263\" data-element_type=\"widget\" data-e-type=\"widget\" data-widget_type=\"divider.default\">\n\t\t\t\t<div class=\"elementor-widget-container\">\n\t\t\t\t\t\t\t<div class=\"elementor-divider\">\n\t\t\t<span class=\"elementor-divider-separator\">\n\t\t\t\t\t\t<\/span>\n\t\t<\/div>\n\t\t\t\t\t\t<\/div>\n\t\t\t\t<\/div>\n\t\t\t\t<div class=\"elementor-element elementor-element-b5723e4 elementor-widget elementor-widget-text-editor\" data-id=\"b5723e4\" data-element_type=\"widget\" data-e-type=\"widget\" data-widget_type=\"text-editor.default\">\n\t\t\t\t<div class=\"elementor-widget-container\">\n\t\t\t\t\t\t\t\t\t<p>Como hijo de un piloto de un B-17 de las Fuerzas A\u00e9reas de la Segunda Guerra Mundial, el senador Cornyn tiene en la m\u00e1s alta estima a los miembros de las Fuerzas Armadas de los Estados Unidos. Por esta raz\u00f3n, considera un honor y un privilegio nominar a j\u00f3venes tejanos destacados para las Academias de Servicio de los Estados Unidos. Dado que las nominaciones son una de sus responsabilidades m\u00e1s importantes, el senador Cornyn ha reunido una Junta de Selecci\u00f3n de la Academia para revisar las candidaturas. Sopesan cada decisi\u00f3n con sumo cuidado y tienen en cuenta muchos factores a la hora de seleccionar a los j\u00f3venes de talento que representan a nuestro gran estado.<\/p>\n<p>Para ayudar en este proceso, los candidatos presentan una extensa solicitud que documenta sus capacidades acad\u00e9micas, deportivas y de liderazgo, as\u00ed como su compromiso con el servicio militar.<\/p>\n<p><strong>Las solicitudes se aceptar\u00e1n <b>hasta <\/b><b>la fecha l\u00edmite del<\/b><b>6 de<\/b><b>octubre <\/b>de 2023, con la intenci\u00f3n de dar a los candidatos tiempo suficiente para reunir los documentos necesarios y realizar los ex\u00e1menes SAT o ACT.<\/strong><\/p>\n\t\t\t\t\t\t\t\t<\/div>\n\t\t\t\t<\/div>\n\t\t\t\t<div class=\"elementor-element elementor-element-6f476578 elementor-align-center elementor-widget elementor-widget-button\" data-id=\"6f476578\" data-element_type=\"widget\" data-e-type=\"widget\" data-widget_type=\"button.default\">\n\t\t\t\t<div class=\"elementor-widget-container\">\n\t\t\t\t\t\t\t\t\t<div class=\"elementor-button-wrapper\">\n\t\t\t\t\t<a class=\"elementor-button elementor-button-link elementor-size-sm\" href=\"https:\/\/oampublic.senate.gov\/constituent\/login\/2ebc2123-e56c-4ad0-a51a-145ee8e7193a\/\">\n\t\t\t\t\t\t<span class=\"elementor-button-content-wrapper\">\n\t\t\t\t\t\t<span class=\"elementor-button-icon\">\n\t\t\t\t<i aria-hidden=\"true\" class=\"icon icon-arrow-right\"><\/i>\t\t\t<\/span>\n\t\t\t\t\t\t\t\t\t<span class=\"elementor-button-text\">Solicitar aqu\u00ed<\/span>\n\t\t\t\t\t<\/span>\n\t\t\t\t\t<\/a>\n\t\t\t\t<\/div>\n\t\t\t\t\t\t\t\t<\/div>\n\t\t\t\t<\/div>\n\t\t\t\t<div class=\"elementor-element elementor-element-55da79be elementor-widget-divider--view-line elementor-widget elementor-widget-divider\" data-id=\"55da79be\" data-element_type=\"widget\" data-e-type=\"widget\" data-widget_type=\"divider.default\">\n\t\t\t\t<div class=\"elementor-widget-container\">\n\t\t\t\t\t\t\t<div class=\"elementor-divider\">\n\t\t\t<span class=\"elementor-divider-separator\">\n\t\t\t\t\t\t<\/span>\n\t\t<\/div>\n\t\t\t\t\t\t<\/div>\n\t\t\t\t<\/div>\n\t\t\t\t<div class=\"elementor-element elementor-element-2c4b358b elementor-widget elementor-widget-heading\" data-id=\"2c4b358b\" data-element_type=\"widget\" data-e-type=\"widget\" data-widget_type=\"heading.default\">\n\t\t\t\t<div class=\"elementor-widget-container\">\n\t\t\t\t\t<h2 class=\"elementor-heading-title elementor-size-default\">Requisitos de admisibilidad<\/h2>\t\t\t\t<\/div>\n\t\t\t\t<\/div>\n\t\t\t\t<div class=\"elementor-element elementor-element-a36215a elementor-widget elementor-widget-text-editor\" data-id=\"a36215a\" data-element_type=\"widget\" data-e-type=\"widget\" data-widget_type=\"text-editor.default\">\n\t\t\t\t<div class=\"elementor-widget-container\">\n\t\t\t\t\t\t\t\t\t<p>De acuerdo con la ley federal, los solicitantes deben cumplir los siguientes criterios para ser considerados para una nominaci\u00f3n a una Academia de Servicio de los Estados Unidos:<\/p>\n<ul>\n<li>Residir legalmente en el Estado de Texas<\/li>\n<li>Tener al menos 17 a\u00f1os y no haber cumplido los 23 el 1 de julio del a\u00f1o de ingreso en la academia.<\/li>\n<li>Haber terminado el bachillerato antes del 1 de julio del a\u00f1o de ingreso en la academia.<\/li>\n<li>Soltero, no embarazada y sin obligaci\u00f3n legal de mantener a una persona dependiente.<\/li>\n<\/ul>\n<p style=\"text-align: center;\"><em>Si tiene un acceso limitado a Internet o a un ordenador y no puede presentar su solicitud en l\u00ednea, p\u00f3ngase en contacto con nosotros en el (512) 469-6034 o en <a href=\"mailto:academynominations@cornyn.senate.gov\">academynominations@cornyn.senate.gov<\/a> para solicitar otras adaptaciones.<\/em><\/p>\n\t\t\t\t\t\t\t\t<\/div>\n\t\t\t\t<\/div>\n\t\t\t\t<div class=\"elementor-element elementor-element-3776c28 elementor-align-center elementor-widget elementor-widget-button\" data-id=\"3776c28\" data-element_type=\"widget\" data-e-type=\"widget\" data-widget_type=\"button.default\">\n\t\t\t\t<div class=\"elementor-widget-container\">\n\t\t\t\t\t\t\t\t\t<div class=\"elementor-button-wrapper\">\n\t\t\t\t\t<a class=\"elementor-button elementor-button-link elementor-size-sm\" href=\"https:\/\/oampublic.senate.gov\/constituent\/login\/2ebc2123-e56c-4ad0-a51a-145ee8e7193a\/\">\n\t\t\t\t\t\t<span class=\"elementor-button-content-wrapper\">\n\t\t\t\t\t\t<span class=\"elementor-button-icon\">\n\t\t\t\t<i aria-hidden=\"true\" class=\"icon icon-arrow-right\"><\/i>\t\t\t<\/span>\n\t\t\t\t\t\t\t\t\t<span class=\"elementor-button-text\">Solicitar aqu\u00ed<\/span>\n\t\t\t\t\t<\/span>\n\t\t\t\t\t<\/a>\n\t\t\t\t<\/div>\n\t\t\t\t\t\t\t\t<\/div>\n\t\t\t\t<\/div>\n\t\t\t\t<div class=\"elementor-element elementor-element-79392ec2 elementor-widget-divider--view-line elementor-widget elementor-widget-divider\" data-id=\"79392ec2\" data-element_type=\"widget\" data-e-type=\"widget\" data-widget_type=\"divider.default\">\n\t\t\t\t<div class=\"elementor-widget-container\">\n\t\t\t\t\t\t\t<div class=\"elementor-divider\">\n\t\t\t<span class=\"elementor-divider-separator\">\n\t\t\t\t\t\t<\/span>\n\t\t<\/div>\n\t\t\t\t\t\t<\/div>\n\t\t\t\t<\/div>\n\t\t\t\t<div class=\"elementor-element elementor-element-47932eac elementor-widget elementor-widget-heading\" data-id=\"47932eac\" data-element_type=\"widget\" data-e-type=\"widget\" data-widget_type=\"heading.default\">\n\t\t\t\t<div class=\"elementor-widget-container\">\n\t\t\t\t\t<h2 class=\"elementor-heading-title elementor-size-default\">Informaci\u00f3n adicional<\/h2>\t\t\t\t<\/div>\n\t\t\t\t<\/div>\n\t\t\t\t<div class=\"elementor-element elementor-element-01788fb elementor-widget elementor-widget-text-editor\" data-id=\"01788fb\" data-element_type=\"widget\" data-e-type=\"widget\" data-widget_type=\"text-editor.default\">\n\t\t\t\t<div class=\"elementor-widget-container\">\n\t\t\t\t\t\t\t\t\t<p>Debido al gran volumen de candidatos y al n\u00famero limitado de candidaturas permitidas por miembro del Congreso, se recomienda encarecidamente a todos los candidatos que soliciten tambi\u00e9n una candidatura de <a href=\"https:\/\/www.cruz.senate.gov\/?p=student_resources\" target=\"_blank\" rel=\"noopener\">Senador Cruz<\/a>su <a href=\"https:\/\/www.house.gov\/representatives\/find-your-representative\" target=\"_blank\" rel=\"noopener\">Representante de EE.UU.<\/a>y otras posibles fuentes de nominaci\u00f3n, como la Oficina del Presidente y el Vicepresidente, y el Secretario del Ej\u00e9rcito, la Armada o las Fuerzas A\u00e9reas. <strong>Presentar su candidatura a otros cargos no afectar\u00e1 a sus posibilidades de conseguir una nominaci\u00f3n del senador Cornyn.<\/strong><\/p>\n<p>Para ser considerado para la admisi\u00f3n en una academia de servicio, debe ser seleccionado por el comit\u00e9 de admisiones de la academia de servicio elegida, recibir una nominaci\u00f3n del Congreso y aprobar la Evaluaci\u00f3n de Aptitud del Candidato (CFA) y el examen m\u00e9dico. Algunas academias tambi\u00e9n prefieren cursos con un inter\u00e9s demostrado por la Ciencia, la Tecnolog\u00eda, la Ingenier\u00eda y las Matem\u00e1ticas (STEM). Las academias de servicio tienen en cuenta la solicitud completa del candidato, incluidos el rango en la clase, los resultados de los ex\u00e1menes estandarizados, las recomendaciones, las actividades extracurriculares y el atletismo.<\/p>\n<h4> <\/h4>\n<h4><strong>Representantes de Admisiones de la Academia<\/strong><\/h4>\n<p><strong>Le recomendamos encarecidamente<\/strong> que se ponga en contacto con los representantes de admisiones de la academia de su elecci\u00f3n. Estas personas son un gran recurso para proporcionar informaci\u00f3n adicional sobre su proceso de solicitud y para ayudar a los futuros cadetes y sus familias.<\/p>\n<p><a href=\"http:\/\/www.academyadmissions.com\/admissions\/outreach-programs\/find-your-admissions-liaison-officer\/\" target=\"_blank\" rel=\"noopener\">Oficiales de enlace del Ej\u00e9rcito del Aire<\/a><\/p>\n<p><a href=\"http:\/\/www.usmma.edu\/admissions\/local-admissions-field-reps\" target=\"_blank\" rel=\"noopener\">Representantes de la Marina Mercante<\/a><\/p>\n<p><a href=\"https:\/\/www.usna.edu\/Admissions\/BGO.php\" target=\"_blank\" rel=\"noopener\">Oficiales azul y oro de la Academia Naval<\/a><\/p>\n<p><a href=\"https:\/\/westpoint.edu\/admissions\/west-point-admissions-team\" target=\"_blank\" rel=\"noopener\">Fuerza de Campo de West Point<\/a><\/p>\n<\/p>\n<h4><strong>Recursos adicionales<\/strong><\/h4>\n<p>Encontrar\u00e1 m\u00e1s informaci\u00f3n sobre c\u00f3mo solicitar plaza en la academia de su elecci\u00f3n en el sitio web de cada centro:<\/p>\n<p><a href=\"http:\/\/www.academyadmissions.com\/\" target=\"_blank\" rel=\"noopener\">Academia de las Fuerzas A\u00e9reas de EE.UU.<\/a><\/p>\n<p><a href=\"http:\/\/www.cga.edu\/\" target=\"_blank\" rel=\"noopener\">Academia de la Guardia Costera de Estados Unidos*.<\/a><\/p>\n<p><a href=\"http:\/\/www.usmma.edu\/admissions\" target=\"_blank\" rel=\"noopener\">Academia de la Marina Mercante de EE.UU.<\/a><\/p>\n<p><a href=\"https:\/\/www.westpoint.edu\/\" target=\"_blank\" rel=\"noopener\">Academia Militar de EE.UU.<\/a><\/p>\n<p><a href=\"http:\/\/www.usna.edu\/Admissions\/\" target=\"_blank\" rel=\"noopener\">Academia Naval de EE.UU.<\/a><\/p>\n<p>*Tenga en cuenta que la Academia de la Guardia Costera de EE.UU. no requiere nominaci\u00f3n del Congreso.<\/p>\n\t\t\t\t\t\t\t\t<\/div>\n\t\t\t\t<\/div>\n\t\t\t\t\t<\/div>\n\t\t<\/div>\n\t\t\t\t\t<\/div>\n\t\t<\/section>\n\t\t\t\t\t<\/div>\n\t\t<\/div>\n\t\t\t\t\t<\/div>\n\t\t<\/section>\n\t\t\t\t<\/div>\n\t\t","protected":false},"excerpt":{"rendered":"<p>Recursos para estudiantes Como hijo de un piloto de un B-17 de las Fuerzas A\u00e9reas de la Segunda Guerra Mundial, el senador Cornyn tiene en la m\u00e1s alta estima a los miembros de las Fuerzas Armadas de los Estados Unidos. Por esta raz\u00f3n, considera un honor y un privilegio nominar a j\u00f3venes tejanos destacados para [&hellip;]<\/p>\n","protected":false},"author":2,"featured_media":0,"parent":0,"menu_order":0,"comment_status":"closed","ping_status":"closed","template":"","meta":{"_acf_changed":false,"inline_featured_image":false,"footnotes":""},"class_list":["post-28555","page","type-page","status-publish","hentry"],"acf":[],"yoast_head":"<!-- This site is optimized with the Yoast SEO plugin v27.2 - https:\/\/yoast.com\/product\/yoast-seo-wordpress\/ -->\n<title>Academias de servicio - Senator Cornyn<\/title>\n<meta name=\"robots\" content=\"index, follow, max-snippet:-1, max-image-preview:large, max-video-preview:-1\" \/>\n<link rel=\"canonical\" href=\"https:\/\/www.cornyn.senate.gov\/es-mx\/academias-de-servicio\/\" \/>\n<meta property=\"og:locale\" content=\"es_MX\" \/>\n<meta property=\"og:type\" content=\"article\" \/>\n<meta property=\"og:title\" content=\"Academias de servicio - Senator Cornyn\" \/>\n<meta property=\"og:description\" content=\"Recursos para estudiantes Como hijo de un piloto de un B-17 de las Fuerzas A\u00e9reas de la Segunda Guerra Mundial, el senador Cornyn tiene en la m\u00e1s alta estima a los miembros de las Fuerzas Armadas de los Estados Unidos. Por esta raz\u00f3n, considera un honor y un privilegio nominar a j\u00f3venes tejanos destacados para [&hellip;]\" \/>\n<meta property=\"og:url\" content=\"https:\/\/www.cornyn.senate.gov\/es-mx\/academias-de-servicio\/\" \/>\n<meta property=\"og:site_name\" content=\"Senator Cornyn\" \/>\n<meta property=\"article:publisher\" content=\"https:\/\/www.facebook.com\/SenJohnCornyn\" \/>\n<meta property=\"article:modified_time\" content=\"2023-04-05T12:39:12+00:00\" \/>\n<meta property=\"og:image\" content=\"https:\/\/www.cornyn.senate.gov\/wp-content\/uploads\/2023\/11\/Twitter-Card-Dec-23-1024x535.png\" \/>\n\t<meta property=\"og:image:width\" content=\"1024\" \/>\n\t<meta property=\"og:image:height\" content=\"535\" \/>\n\t<meta property=\"og:image:type\" content=\"image\/png\" \/>\n<meta name=\"twitter:card\" content=\"summary_large_image\" \/>\n<meta name=\"twitter:site\" content=\"@johncornyn\" \/>\n<meta name=\"twitter:label1\" content=\"Est. reading time\" \/>\n\t<meta name=\"twitter:data1\" content=\"3 minutes\" \/>\n<script type=\"application\/ld+json\" class=\"yoast-schema-graph\">{\"@context\":\"https:\/\/schema.org\",\"@graph\":[{\"@type\":\"WebPage\",\"@id\":\"https:\/\/www.cornyn.senate.gov\/es-mx\/academias-de-servicio\/\",\"url\":\"https:\/\/www.cornyn.senate.gov\/es-mx\/academias-de-servicio\/\",\"name\":\"Academias de servicio - Senator Cornyn\",\"isPartOf\":{\"@id\":\"https:\/\/www.cornyn.senate.gov\/es-mx\/#website\"},\"datePublished\":\"2022-05-18T13:31:49+00:00\",\"dateModified\":\"2023-04-05T12:39:12+00:00\",\"breadcrumb\":{\"@id\":\"https:\/\/www.cornyn.senate.gov\/es-mx\/academias-de-servicio\/#breadcrumb\"},\"inLanguage\":\"es-MX\",\"potentialAction\":[{\"@type\":\"ReadAction\",\"target\":[\"https:\/\/www.cornyn.senate.gov\/es-mx\/academias-de-servicio\/\"]}]},{\"@type\":\"BreadcrumbList\",\"@id\":\"https:\/\/www.cornyn.senate.gov\/es-mx\/academias-de-servicio\/#breadcrumb\",\"itemListElement\":[{\"@type\":\"ListItem\",\"position\":1,\"name\":\"Home\",\"item\":\"https:\/\/www.cornyn.senate.gov\/es-mx\/\"},{\"@type\":\"ListItem\",\"position\":2,\"name\":\"Academias de servicio\"}]},{\"@type\":\"WebSite\",\"@id\":\"https:\/\/www.cornyn.senate.gov\/es-mx\/#website\",\"url\":\"https:\/\/www.cornyn.senate.gov\/es-mx\/\",\"name\":\"Senator Cornyn\",\"description\":\"\",\"publisher\":{\"@id\":\"https:\/\/www.cornyn.senate.gov\/es-mx\/#organization\"},\"potentialAction\":[{\"@type\":\"SearchAction\",\"target\":{\"@type\":\"EntryPoint\",\"urlTemplate\":\"https:\/\/www.cornyn.senate.gov\/es-mx\/?s={search_term_string}\"},\"query-input\":{\"@type\":\"PropertyValueSpecification\",\"valueRequired\":true,\"valueName\":\"search_term_string\"}}],\"inLanguage\":\"es-MX\"},{\"@type\":\"Organization\",\"@id\":\"https:\/\/www.cornyn.senate.gov\/es-mx\/#organization\",\"name\":\"Senator Cornyn\",\"url\":\"https:\/\/www.cornyn.senate.gov\/es-mx\/\",\"logo\":{\"@type\":\"ImageObject\",\"inLanguage\":\"es-MX\",\"@id\":\"https:\/\/www.cornyn.senate.gov\/es-mx\/#\/schema\/logo\/image\/\",\"url\":\"https:\/\/www.cornyn.senate.gov\/wp-content\/uploads\/2022\/01\/Logo-2.svg\",\"contentUrl\":\"https:\/\/www.cornyn.senate.gov\/wp-content\/uploads\/2022\/01\/Logo-2.svg\",\"caption\":\"Senator Cornyn\"},\"image\":{\"@id\":\"https:\/\/www.cornyn.senate.gov\/es-mx\/#\/schema\/logo\/image\/\"},\"sameAs\":[\"https:\/\/www.facebook.com\/SenJohnCornyn\",\"https:\/\/x.com\/johncornyn\"]}]}<\/script>\n<!-- \/ Yoast SEO plugin. -->","yoast_head_json":{"title":"Academias de servicio - Senator Cornyn","robots":{"index":"index","follow":"follow","max-snippet":"max-snippet:-1","max-image-preview":"max-image-preview:large","max-video-preview":"max-video-preview:-1"},"canonical":"https:\/\/www.cornyn.senate.gov\/es-mx\/academias-de-servicio\/","og_locale":"es_MX","og_type":"article","og_title":"Academias de servicio - Senator Cornyn","og_description":"Recursos para estudiantes Como hijo de un piloto de un B-17 de las Fuerzas A\u00e9reas de la Segunda Guerra Mundial, el senador Cornyn tiene en la m\u00e1s alta estima a los miembros de las Fuerzas Armadas de los Estados Unidos. Por esta raz\u00f3n, considera un honor y un privilegio nominar a j\u00f3venes tejanos destacados para [&hellip;]","og_url":"https:\/\/www.cornyn.senate.gov\/es-mx\/academias-de-servicio\/","og_site_name":"Senator Cornyn","article_publisher":"https:\/\/www.facebook.com\/SenJohnCornyn","article_modified_time":"2023-04-05T12:39:12+00:00","og_image":[{"width":1024,"height":535,"url":"https:\/\/www.cornyn.senate.gov\/wp-content\/uploads\/2023\/11\/Twitter-Card-Dec-23-1024x535.png","type":"image\/png"}],"twitter_card":"summary_large_image","twitter_site":"@johncornyn","twitter_misc":{"Est. reading time":"3 minutes"},"schema":{"@context":"https:\/\/schema.org","@graph":[{"@type":"WebPage","@id":"https:\/\/www.cornyn.senate.gov\/es-mx\/academias-de-servicio\/","url":"https:\/\/www.cornyn.senate.gov\/es-mx\/academias-de-servicio\/","name":"Academias de servicio - Senator Cornyn","isPartOf":{"@id":"https:\/\/www.cornyn.senate.gov\/es-mx\/#website"},"datePublished":"2022-05-18T13:31:49+00:00","dateModified":"2023-04-05T12:39:12+00:00","breadcrumb":{"@id":"https:\/\/www.cornyn.senate.gov\/es-mx\/academias-de-servicio\/#breadcrumb"},"inLanguage":"es-MX","potentialAction":[{"@type":"ReadAction","target":["https:\/\/www.cornyn.senate.gov\/es-mx\/academias-de-servicio\/"]}]},{"@type":"BreadcrumbList","@id":"https:\/\/www.cornyn.senate.gov\/es-mx\/academias-de-servicio\/#breadcrumb","itemListElement":[{"@type":"ListItem","position":1,"name":"Home","item":"https:\/\/www.cornyn.senate.gov\/es-mx\/"},{"@type":"ListItem","position":2,"name":"Academias de servicio"}]},{"@type":"WebSite","@id":"https:\/\/www.cornyn.senate.gov\/es-mx\/#website","url":"https:\/\/www.cornyn.senate.gov\/es-mx\/","name":"Senator Cornyn","description":"","publisher":{"@id":"https:\/\/www.cornyn.senate.gov\/es-mx\/#organization"},"potentialAction":[{"@type":"SearchAction","target":{"@type":"EntryPoint","urlTemplate":"https:\/\/www.cornyn.senate.gov\/es-mx\/?s={search_term_string}"},"query-input":{"@type":"PropertyValueSpecification","valueRequired":true,"valueName":"search_term_string"}}],"inLanguage":"es-MX"},{"@type":"Organization","@id":"https:\/\/www.cornyn.senate.gov\/es-mx\/#organization","name":"Senator Cornyn","url":"https:\/\/www.cornyn.senate.gov\/es-mx\/","logo":{"@type":"ImageObject","inLanguage":"es-MX","@id":"https:\/\/www.cornyn.senate.gov\/es-mx\/#\/schema\/logo\/image\/","url":"https:\/\/www.cornyn.senate.gov\/wp-content\/uploads\/2022\/01\/Logo-2.svg","contentUrl":"https:\/\/www.cornyn.senate.gov\/wp-content\/uploads\/2022\/01\/Logo-2.svg","caption":"Senator Cornyn"},"image":{"@id":"https:\/\/www.cornyn.senate.gov\/es-mx\/#\/schema\/logo\/image\/"},"sameAs":["https:\/\/www.facebook.com\/SenJohnCornyn","https:\/\/x.com\/johncornyn"]}]}},"_links":{"self":[{"href":"https:\/\/www.cornyn.senate.gov\/es-mx\/wp-json\/wp\/v2\/pages\/28555","targetHints":{"allow":["GET"]}}],"collection":[{"href":"https:\/\/www.cornyn.senate.gov\/es-mx\/wp-json\/wp\/v2\/pages"}],"about":[{"href":"https:\/\/www.cornyn.senate.gov\/es-mx\/wp-json\/wp\/v2\/types\/page"}],"author":[{"embeddable":true,"href":"https:\/\/www.cornyn.senate.gov\/es-mx\/wp-json\/wp\/v2\/users\/2"}],"replies":[{"embeddable":true,"href":"https:\/\/www.cornyn.senate.gov\/es-mx\/wp-json\/wp\/v2\/comments?post=28555"}],"version-history":[{"count":5,"href":"https:\/\/www.cornyn.senate.gov\/es-mx\/wp-json\/wp\/v2\/pages\/28555\/revisions"}],"predecessor-version":[{"id":36972,"href":"https:\/\/www.cornyn.senate.gov\/es-mx\/wp-json\/wp\/v2\/pages\/28555\/revisions\/36972"}],"wp:attachment":[{"href":"https:\/\/www.cornyn.senate.gov\/es-mx\/wp-json\/wp\/v2\/media?parent=28555"}],"curies":[{"name":"wp","href":"https:\/\/api.w.org\/{rel}","templated":true}]}}