{"id":47316,"date":"2024-08-26T11:37:31","date_gmt":"2024-08-26T15:37:31","guid":{"rendered":"https:\/\/www.cornyn.senate.gov\/guia-de-seguridad-en-internet-para-la-vuelta-al-cole-de-los-padres\/"},"modified":"2024-08-26T11:38:45","modified_gmt":"2024-08-26T15:38:45","slug":"guia-de-seguridad-en-internet-para-la-vuelta-al-cole-de-los-padres","status":"publish","type":"page","link":"https:\/\/www.cornyn.senate.gov\/es-mx\/guia-de-seguridad-en-internet-para-la-vuelta-al-cole-de-los-padres\/","title":{"rendered":"Gu\u00eda de seguridad en Internet para la vuelta al cole de los padres"},"content":{"rendered":"\t\t<div data-elementor-type=\"wp-page\" data-elementor-id=\"47316\" class=\"elementor elementor-47316 elementor-47310\" data-elementor-post-type=\"page\">\n\t\t\t\t\t\t<section class=\"elementor-section elementor-top-section elementor-element elementor-element-3bd63663 elementor-section-boxed elementor-section-height-default elementor-section-height-default\" data-id=\"3bd63663\" data-element_type=\"section\" data-e-type=\"section\">\n\t\t\t\t\t\t<div class=\"elementor-container elementor-column-gap-default\">\n\t\t\t\t\t<div class=\"elementor-column elementor-col-100 elementor-top-column elementor-element elementor-element-447b652f\" data-id=\"447b652f\" data-element_type=\"column\" data-e-type=\"column\">\n\t\t\t<div class=\"elementor-widget-wrap elementor-element-populated\">\n\t\t\t\t\t\t<section class=\"elementor-section elementor-inner-section elementor-element elementor-element-29087cae elementor-section-boxed elementor-section-height-default elementor-section-height-default\" data-id=\"29087cae\" data-element_type=\"section\" data-e-type=\"section\">\n\t\t\t\t\t\t<div class=\"elementor-container elementor-column-gap-default\">\n\t\t\t\t\t<div class=\"elementor-column elementor-col-100 elementor-inner-column elementor-element elementor-element-4e069d6d content-page__content\" data-id=\"4e069d6d\" data-element_type=\"column\" data-e-type=\"column\">\n\t\t\t<div class=\"elementor-widget-wrap elementor-element-populated\">\n\t\t\t\t\t\t<div class=\"elementor-element elementor-element-edec263 elementor-widget-divider--view-line elementor-widget elementor-widget-divider\" data-id=\"edec263\" data-element_type=\"widget\" data-e-type=\"widget\" data-widget_type=\"divider.default\">\n\t\t\t\t<div class=\"elementor-widget-container\">\n\t\t\t\t\t\t\t<div class=\"elementor-divider\">\n\t\t\t<span class=\"elementor-divider-separator\">\n\t\t\t\t\t\t<\/span>\n\t\t<\/div>\n\t\t\t\t\t\t<\/div>\n\t\t\t\t<\/div>\n\t\t\t\t<div class=\"elementor-element elementor-element-5cad01d elementor-widget elementor-widget-heading\" data-id=\"5cad01d\" data-element_type=\"widget\" data-e-type=\"widget\" data-widget_type=\"heading.default\">\n\t\t\t\t<div class=\"elementor-widget-container\">\n\t\t\t\t\t<h1 class=\"elementor-heading-title elementor-size-default\">Gu\u00eda de seguridad en Internet para la vuelta al cole de los padres<\/h1>\t\t\t\t<\/div>\n\t\t\t\t<\/div>\n\t\t\t\t<div class=\"elementor-element elementor-element-44eabedb callout-box elementor-widget elementor-widget-text-editor\" data-id=\"44eabedb\" data-element_type=\"widget\" data-e-type=\"widget\" data-widget_type=\"text-editor.default\">\n\t\t\t\t<div class=\"elementor-widget-container\">\n\t\t\t\t\t\t\t\t\t<h3 style=\"text-align: center;\"><em>Mantener a los ni\u00f1os de Texas seguros en Internet<\/em><\/h3>\n\t\t\t\t\t\t\t\t<\/div>\n\t\t\t\t<\/div>\n\t\t\t\t<div class=\"elementor-element elementor-element-b5723e4 elementor-widget elementor-widget-text-editor\" data-id=\"b5723e4\" data-element_type=\"widget\" data-e-type=\"widget\" data-widget_type=\"text-editor.default\">\n\t\t\t\t<div class=\"elementor-widget-container\">\n\t\t\t\t\t\t\t\t\t<p>El auge de las redes sociales y otras plataformas de Internet ha creado nuevas y singulares amenazas para la seguridad de los tejanos m\u00e1s vulnerables: nuestros ni\u00f1os. Todos los d\u00edas, ni\u00f1os y adolescentes est\u00e1n expuestos a contenidos en l\u00ednea sobre suicidio, trastornos alimentarios, consumo de drogas y otros temas que a menudo no son adecuados para los ni\u00f1os. Al mismo tiempo, la intimidaci\u00f3n y el acoso en l\u00ednea proliferan, y las estad\u00edsticas sobre el suicidio y la salud mental de los adolescentes pintan un panorama alarmante para la pr\u00f3xima generaci\u00f3n.  <\/p>\n<p>Ahora que los ni\u00f1os vuelven a la escuela en todo el estado, he aqu\u00ed algunas formas en que los padres, educadores y l\u00edderes escolares pueden ayudar a promover el uso seguro de Internet y las redes sociales:<\/p>\n\t\t\t\t\t\t\t\t<\/div>\n\t\t\t\t<\/div>\n\t\t\t\t<div class=\"elementor-element elementor-element-376e0f1a content-page__accordion elementor-widget elementor-widget-accordion\" data-id=\"376e0f1a\" data-element_type=\"widget\" data-e-type=\"widget\" data-widget_type=\"accordion.default\">\n\t\t\t\t<div class=\"elementor-widget-container\">\n\t\t\t\t\t\t\t<div class=\"elementor-accordion\">\n\t\t\t\t\t\t\t<div class=\"elementor-accordion-item\">\n\t\t\t\t\t<h3 id=\"elementor-tab-title-9291\" class=\"elementor-tab-title\" data-tab=\"1\" role=\"button\" aria-controls=\"elementor-tab-content-9291\" aria-expanded=\"false\">\n\t\t\t\t\t\t\t\t\t\t\t\t\t<span class=\"elementor-accordion-icon elementor-accordion-icon-right\" aria-hidden=\"true\">\n\t\t\t\t\t\t\t\t\t\t\t\t\t\t\t<span class=\"elementor-accordion-icon-closed\"><i class=\"fas fa-chevron-down\"><\/i><\/span>\n\t\t\t\t\t\t\t\t<span class=\"elementor-accordion-icon-opened\"><i class=\"fas fa-chevron-up\"><\/i><\/span>\n\t\t\t\t\t\t\t\t\t\t\t\t\t\t<\/span>\n\t\t\t\t\t\t\t\t\t\t\t\t<a class=\"elementor-accordion-title\" tabindex=\"0\">Explica los peligros potenciales<\/a>\n\t\t\t\t\t<\/h3>\n\t\t\t\t\t<div id=\"elementor-tab-content-9291\" class=\"elementor-tab-content elementor-clearfix\" data-tab=\"1\" role=\"region\" aria-labelledby=\"elementor-tab-title-9291\"><ol>\n<li>Discute las formas en que las personas peligrosas o los depredadores pueden presentarse en Internet, incluso como amigos, conocidos o personajes p\u00fablicos.<\/li>\n<li>Anima a los ni\u00f1os a que se lo piensen dos veces antes de aceptar una solicitud de amistad en las redes sociales o de comunicarse con personas en l\u00ednea.<\/li>\n<li>Advierte a los ni\u00f1os sobre las peligrosas consecuencias del consumo de drogas, incluido el consumo de sustancias que puedan contener fentanilo.<\/li>\n<\/ol>\n<\/div>\n\t\t\t\t<\/div>\n\t\t\t\t\t\t\t<div class=\"elementor-accordion-item\">\n\t\t\t\t\t<h3 id=\"elementor-tab-title-9292\" class=\"elementor-tab-title\" data-tab=\"2\" role=\"button\" aria-controls=\"elementor-tab-content-9292\" aria-expanded=\"false\">\n\t\t\t\t\t\t\t\t\t\t\t\t\t<span class=\"elementor-accordion-icon elementor-accordion-icon-right\" aria-hidden=\"true\">\n\t\t\t\t\t\t\t\t\t\t\t\t\t\t\t<span class=\"elementor-accordion-icon-closed\"><i class=\"fas fa-chevron-down\"><\/i><\/span>\n\t\t\t\t\t\t\t\t<span class=\"elementor-accordion-icon-opened\"><i class=\"fas fa-chevron-up\"><\/i><\/span>\n\t\t\t\t\t\t\t\t\t\t\t\t\t\t<\/span>\n\t\t\t\t\t\t\t\t\t\t\t\t<a class=\"elementor-accordion-title\" tabindex=\"0\">Anima a los ni\u00f1os a ser conscientes del tiempo que pasan en Internet<\/a>\n\t\t\t\t\t<\/h3>\n\t\t\t\t\t<div id=\"elementor-tab-content-9292\" class=\"elementor-tab-content elementor-clearfix\" data-tab=\"2\" role=\"region\" aria-labelledby=\"elementor-tab-title-9292\"><ol>\n<li>Aseg\u00farate de que los ni\u00f1os dedican tiempo de su agenda diaria a actividades fuera de l\u00ednea.<\/li>\n<li>Introducir l\u00edmites de tiempo de pantalla o temporizadores autom\u00e1ticos en las aplicaciones de medios sociales para combatir el uso excesivo de dispositivos, que podr\u00eda provocar efectos secundarios mentales y f\u00edsicos negativos.<\/li>\n<\/ol>\n<\/div>\n\t\t\t\t<\/div>\n\t\t\t\t\t\t\t<div class=\"elementor-accordion-item\">\n\t\t\t\t\t<h3 id=\"elementor-tab-title-9293\" class=\"elementor-tab-title\" data-tab=\"3\" role=\"button\" aria-controls=\"elementor-tab-content-9293\" aria-expanded=\"false\">\n\t\t\t\t\t\t\t\t\t\t\t\t\t<span class=\"elementor-accordion-icon elementor-accordion-icon-right\" aria-hidden=\"true\">\n\t\t\t\t\t\t\t\t\t\t\t\t\t\t\t<span class=\"elementor-accordion-icon-closed\"><i class=\"fas fa-chevron-down\"><\/i><\/span>\n\t\t\t\t\t\t\t\t<span class=\"elementor-accordion-icon-opened\"><i class=\"fas fa-chevron-up\"><\/i><\/span>\n\t\t\t\t\t\t\t\t\t\t\t\t\t\t<\/span>\n\t\t\t\t\t\t\t\t\t\t\t\t<a class=\"elementor-accordion-title\" tabindex=\"0\">Mant\u00e9n en privado la informaci\u00f3n sensible<\/a>\n\t\t\t\t\t<\/h3>\n\t\t\t\t\t<div id=\"elementor-tab-content-9293\" class=\"elementor-tab-content elementor-clearfix\" data-tab=\"3\" role=\"region\" aria-labelledby=\"elementor-tab-title-9293\"><ol>\n<li>Los piratas inform\u00e1ticos, los acosadores y los depredadores por igual buscar\u00e1n y utilizar\u00e1n informaci\u00f3n personal como domicilios, lugares visitados con frecuencia y datos personales compartidos en las redes sociales para localizar o victimizar a personas de todas las edades.<\/li>\n<li>Nunca compartas tu ubicaci\u00f3n actual, datos poco conocidos sobre ti, cu\u00e1ndo est\u00e1s fuera de la ciudad o informaci\u00f3n que pueda utilizarse en tu contra en Internet.<\/li>\n<li>Bloquea las cuentas de las redes sociales para asegurarte de que la informaci\u00f3n personal y las publicaciones de los ni\u00f1os no son p\u00fablicas.<\/li>\n<\/ol>\n<\/div>\n\t\t\t\t<\/div>\n\t\t\t\t\t\t\t<div class=\"elementor-accordion-item\">\n\t\t\t\t\t<h3 id=\"elementor-tab-title-9294\" class=\"elementor-tab-title\" data-tab=\"4\" role=\"button\" aria-controls=\"elementor-tab-content-9294\" aria-expanded=\"false\">\n\t\t\t\t\t\t\t\t\t\t\t\t\t<span class=\"elementor-accordion-icon elementor-accordion-icon-right\" aria-hidden=\"true\">\n\t\t\t\t\t\t\t\t\t\t\t\t\t\t\t<span class=\"elementor-accordion-icon-closed\"><i class=\"fas fa-chevron-down\"><\/i><\/span>\n\t\t\t\t\t\t\t\t<span class=\"elementor-accordion-icon-opened\"><i class=\"fas fa-chevron-up\"><\/i><\/span>\n\t\t\t\t\t\t\t\t\t\t\t\t\t\t<\/span>\n\t\t\t\t\t\t\t\t\t\t\t\t<a class=\"elementor-accordion-title\" tabindex=\"0\">Mant\u00e9n conversaciones frecuentes sobre el bienestar de tu hijo<\/a>\n\t\t\t\t\t<\/h3>\n\t\t\t\t\t<div id=\"elementor-tab-content-9294\" class=\"elementor-tab-content elementor-clearfix\" data-tab=\"4\" role=\"region\" aria-labelledby=\"elementor-tab-title-9294\"><ol>\n<li>Controla a tus hijos y vigila su actividad en Internet para detectar contenidos potencialmente nocivos.<\/li>\n<li>Crea un entorno seguro para que los ni\u00f1os hablen de aquello con lo que puedan estar luchando, ya sea un problema de salud mental o un contenido perjudicial con el que hayan entrado en contacto mientras estaban en l\u00ednea.<\/li>\n<\/ol>\n<\/div>\n\t\t\t\t<\/div>\n\t\t\t\t\t\t\t\t<\/div>\n\t\t\t\t\t\t<\/div>\n\t\t\t\t<\/div>\n\t\t\t\t<div class=\"elementor-element elementor-element-66258a1 elementor-widget elementor-widget-text-editor\" data-id=\"66258a1\" data-element_type=\"widget\" data-e-type=\"widget\" data-widget_type=\"text-editor.default\">\n\t\t\t\t<div class=\"elementor-widget-container\">\n\t\t\t\t\t\t\t\t\t<p style=\"text-align: center;\">Para m\u00e1s informaci\u00f3n y recursos de seguridad, visita el Centro Nacional para Menores Desaparecidos y Explotados.<\/p>\n\t\t\t\t\t\t\t\t<\/div>\n\t\t\t\t<\/div>\n\t\t\t\t\t<\/div>\n\t\t<\/div>\n\t\t\t\t\t<\/div>\n\t\t<\/section>\n\t\t\t\t\t<\/div>\n\t\t<\/div>\n\t\t\t\t\t<\/div>\n\t\t<\/section>\n\t\t\t\t<\/div>\n\t\t","protected":false},"excerpt":{"rendered":"<p>Gu\u00eda de seguridad en Internet para la vuelta al cole de los padres Mantener a los ni\u00f1os de Texas seguros en Internet El auge de las redes sociales y otras plataformas de Internet ha creado nuevas y singulares amenazas para la seguridad de los tejanos m\u00e1s vulnerables: nuestros ni\u00f1os. Todos los d\u00edas, ni\u00f1os y adolescentes [&hellip;]<\/p>\n","protected":false},"author":2,"featured_media":0,"parent":0,"menu_order":0,"comment_status":"closed","ping_status":"closed","template":"","meta":{"_acf_changed":false,"inline_featured_image":false,"footnotes":""},"class_list":["post-47316","page","type-page","status-publish","hentry"],"acf":[],"yoast_head":"<!-- This site is optimized with the Yoast SEO plugin v27.2 - https:\/\/yoast.com\/product\/yoast-seo-wordpress\/ -->\n<title>Gu\u00eda de seguridad en Internet para la vuelta al cole de los padres - Senator Cornyn<\/title>\n<meta name=\"robots\" content=\"index, follow, max-snippet:-1, max-image-preview:large, max-video-preview:-1\" \/>\n<link rel=\"canonical\" href=\"https:\/\/www.cornyn.senate.gov\/es-mx\/guia-de-seguridad-en-internet-para-la-vuelta-al-cole-de-los-padres\/\" \/>\n<meta property=\"og:locale\" content=\"es_MX\" \/>\n<meta property=\"og:type\" content=\"article\" \/>\n<meta property=\"og:title\" content=\"Gu\u00eda de seguridad en Internet para la vuelta al cole de los padres - Senator Cornyn\" \/>\n<meta property=\"og:description\" content=\"Gu\u00eda de seguridad en Internet para la vuelta al cole de los padres Mantener a los ni\u00f1os de Texas seguros en Internet El auge de las redes sociales y otras plataformas de Internet ha creado nuevas y singulares amenazas para la seguridad de los tejanos m\u00e1s vulnerables: nuestros ni\u00f1os. Todos los d\u00edas, ni\u00f1os y adolescentes [&hellip;]\" \/>\n<meta property=\"og:url\" content=\"https:\/\/www.cornyn.senate.gov\/es-mx\/guia-de-seguridad-en-internet-para-la-vuelta-al-cole-de-los-padres\/\" \/>\n<meta property=\"og:site_name\" content=\"Senator Cornyn\" \/>\n<meta property=\"article:publisher\" content=\"https:\/\/www.facebook.com\/SenJohnCornyn\" \/>\n<meta property=\"article:modified_time\" content=\"2024-08-26T15:38:45+00:00\" \/>\n<meta property=\"og:image\" content=\"https:\/\/www.cornyn.senate.gov\/wp-content\/uploads\/2023\/11\/Twitter-Card-Dec-23-1024x535.png\" \/>\n\t<meta property=\"og:image:width\" content=\"1024\" \/>\n\t<meta property=\"og:image:height\" content=\"535\" \/>\n\t<meta property=\"og:image:type\" content=\"image\/png\" \/>\n<meta name=\"twitter:card\" content=\"summary_large_image\" \/>\n<meta name=\"twitter:site\" content=\"@johncornyn\" \/>\n<meta name=\"twitter:label1\" content=\"Est. reading time\" \/>\n\t<meta name=\"twitter:data1\" content=\"3 minutes\" \/>\n<script type=\"application\/ld+json\" class=\"yoast-schema-graph\">{\"@context\":\"https:\/\/schema.org\",\"@graph\":[{\"@type\":\"WebPage\",\"@id\":\"https:\/\/www.cornyn.senate.gov\/es-mx\/guia-de-seguridad-en-internet-para-la-vuelta-al-cole-de-los-padres\/\",\"url\":\"https:\/\/www.cornyn.senate.gov\/es-mx\/guia-de-seguridad-en-internet-para-la-vuelta-al-cole-de-los-padres\/\",\"name\":\"Gu\u00eda de seguridad en Internet para la vuelta al cole de los padres - Senator Cornyn\",\"isPartOf\":{\"@id\":\"https:\/\/www.cornyn.senate.gov\/es-mx\/#website\"},\"datePublished\":\"2024-08-26T15:37:31+00:00\",\"dateModified\":\"2024-08-26T15:38:45+00:00\",\"breadcrumb\":{\"@id\":\"https:\/\/www.cornyn.senate.gov\/es-mx\/guia-de-seguridad-en-internet-para-la-vuelta-al-cole-de-los-padres\/#breadcrumb\"},\"inLanguage\":\"es-MX\",\"potentialAction\":[{\"@type\":\"ReadAction\",\"target\":[\"https:\/\/www.cornyn.senate.gov\/es-mx\/guia-de-seguridad-en-internet-para-la-vuelta-al-cole-de-los-padres\/\"]}]},{\"@type\":\"BreadcrumbList\",\"@id\":\"https:\/\/www.cornyn.senate.gov\/es-mx\/guia-de-seguridad-en-internet-para-la-vuelta-al-cole-de-los-padres\/#breadcrumb\",\"itemListElement\":[{\"@type\":\"ListItem\",\"position\":1,\"name\":\"Home\",\"item\":\"https:\/\/www.cornyn.senate.gov\/es-mx\/\"},{\"@type\":\"ListItem\",\"position\":2,\"name\":\"Gu\u00eda de seguridad en Internet para la vuelta al cole de los padres\"}]},{\"@type\":\"WebSite\",\"@id\":\"https:\/\/www.cornyn.senate.gov\/es-mx\/#website\",\"url\":\"https:\/\/www.cornyn.senate.gov\/es-mx\/\",\"name\":\"Senator Cornyn\",\"description\":\"\",\"publisher\":{\"@id\":\"https:\/\/www.cornyn.senate.gov\/es-mx\/#organization\"},\"potentialAction\":[{\"@type\":\"SearchAction\",\"target\":{\"@type\":\"EntryPoint\",\"urlTemplate\":\"https:\/\/www.cornyn.senate.gov\/es-mx\/?s={search_term_string}\"},\"query-input\":{\"@type\":\"PropertyValueSpecification\",\"valueRequired\":true,\"valueName\":\"search_term_string\"}}],\"inLanguage\":\"es-MX\"},{\"@type\":\"Organization\",\"@id\":\"https:\/\/www.cornyn.senate.gov\/es-mx\/#organization\",\"name\":\"Senator Cornyn\",\"url\":\"https:\/\/www.cornyn.senate.gov\/es-mx\/\",\"logo\":{\"@type\":\"ImageObject\",\"inLanguage\":\"es-MX\",\"@id\":\"https:\/\/www.cornyn.senate.gov\/es-mx\/#\/schema\/logo\/image\/\",\"url\":\"https:\/\/www.cornyn.senate.gov\/wp-content\/uploads\/2022\/01\/Logo-2.svg\",\"contentUrl\":\"https:\/\/www.cornyn.senate.gov\/wp-content\/uploads\/2022\/01\/Logo-2.svg\",\"caption\":\"Senator Cornyn\"},\"image\":{\"@id\":\"https:\/\/www.cornyn.senate.gov\/es-mx\/#\/schema\/logo\/image\/\"},\"sameAs\":[\"https:\/\/www.facebook.com\/SenJohnCornyn\",\"https:\/\/x.com\/johncornyn\"]}]}<\/script>\n<!-- \/ Yoast SEO plugin. -->","yoast_head_json":{"title":"Gu\u00eda de seguridad en Internet para la vuelta al cole de los padres - Senator Cornyn","robots":{"index":"index","follow":"follow","max-snippet":"max-snippet:-1","max-image-preview":"max-image-preview:large","max-video-preview":"max-video-preview:-1"},"canonical":"https:\/\/www.cornyn.senate.gov\/es-mx\/guia-de-seguridad-en-internet-para-la-vuelta-al-cole-de-los-padres\/","og_locale":"es_MX","og_type":"article","og_title":"Gu\u00eda de seguridad en Internet para la vuelta al cole de los padres - Senator Cornyn","og_description":"Gu\u00eda de seguridad en Internet para la vuelta al cole de los padres Mantener a los ni\u00f1os de Texas seguros en Internet El auge de las redes sociales y otras plataformas de Internet ha creado nuevas y singulares amenazas para la seguridad de los tejanos m\u00e1s vulnerables: nuestros ni\u00f1os. Todos los d\u00edas, ni\u00f1os y adolescentes [&hellip;]","og_url":"https:\/\/www.cornyn.senate.gov\/es-mx\/guia-de-seguridad-en-internet-para-la-vuelta-al-cole-de-los-padres\/","og_site_name":"Senator Cornyn","article_publisher":"https:\/\/www.facebook.com\/SenJohnCornyn","article_modified_time":"2024-08-26T15:38:45+00:00","og_image":[{"width":1024,"height":535,"url":"https:\/\/www.cornyn.senate.gov\/wp-content\/uploads\/2023\/11\/Twitter-Card-Dec-23-1024x535.png","type":"image\/png"}],"twitter_card":"summary_large_image","twitter_site":"@johncornyn","twitter_misc":{"Est. reading time":"3 minutes"},"schema":{"@context":"https:\/\/schema.org","@graph":[{"@type":"WebPage","@id":"https:\/\/www.cornyn.senate.gov\/es-mx\/guia-de-seguridad-en-internet-para-la-vuelta-al-cole-de-los-padres\/","url":"https:\/\/www.cornyn.senate.gov\/es-mx\/guia-de-seguridad-en-internet-para-la-vuelta-al-cole-de-los-padres\/","name":"Gu\u00eda de seguridad en Internet para la vuelta al cole de los padres - Senator Cornyn","isPartOf":{"@id":"https:\/\/www.cornyn.senate.gov\/es-mx\/#website"},"datePublished":"2024-08-26T15:37:31+00:00","dateModified":"2024-08-26T15:38:45+00:00","breadcrumb":{"@id":"https:\/\/www.cornyn.senate.gov\/es-mx\/guia-de-seguridad-en-internet-para-la-vuelta-al-cole-de-los-padres\/#breadcrumb"},"inLanguage":"es-MX","potentialAction":[{"@type":"ReadAction","target":["https:\/\/www.cornyn.senate.gov\/es-mx\/guia-de-seguridad-en-internet-para-la-vuelta-al-cole-de-los-padres\/"]}]},{"@type":"BreadcrumbList","@id":"https:\/\/www.cornyn.senate.gov\/es-mx\/guia-de-seguridad-en-internet-para-la-vuelta-al-cole-de-los-padres\/#breadcrumb","itemListElement":[{"@type":"ListItem","position":1,"name":"Home","item":"https:\/\/www.cornyn.senate.gov\/es-mx\/"},{"@type":"ListItem","position":2,"name":"Gu\u00eda de seguridad en Internet para la vuelta al cole de los padres"}]},{"@type":"WebSite","@id":"https:\/\/www.cornyn.senate.gov\/es-mx\/#website","url":"https:\/\/www.cornyn.senate.gov\/es-mx\/","name":"Senator Cornyn","description":"","publisher":{"@id":"https:\/\/www.cornyn.senate.gov\/es-mx\/#organization"},"potentialAction":[{"@type":"SearchAction","target":{"@type":"EntryPoint","urlTemplate":"https:\/\/www.cornyn.senate.gov\/es-mx\/?s={search_term_string}"},"query-input":{"@type":"PropertyValueSpecification","valueRequired":true,"valueName":"search_term_string"}}],"inLanguage":"es-MX"},{"@type":"Organization","@id":"https:\/\/www.cornyn.senate.gov\/es-mx\/#organization","name":"Senator Cornyn","url":"https:\/\/www.cornyn.senate.gov\/es-mx\/","logo":{"@type":"ImageObject","inLanguage":"es-MX","@id":"https:\/\/www.cornyn.senate.gov\/es-mx\/#\/schema\/logo\/image\/","url":"https:\/\/www.cornyn.senate.gov\/wp-content\/uploads\/2022\/01\/Logo-2.svg","contentUrl":"https:\/\/www.cornyn.senate.gov\/wp-content\/uploads\/2022\/01\/Logo-2.svg","caption":"Senator Cornyn"},"image":{"@id":"https:\/\/www.cornyn.senate.gov\/es-mx\/#\/schema\/logo\/image\/"},"sameAs":["https:\/\/www.facebook.com\/SenJohnCornyn","https:\/\/x.com\/johncornyn"]}]}},"_links":{"self":[{"href":"https:\/\/www.cornyn.senate.gov\/es-mx\/wp-json\/wp\/v2\/pages\/47316","targetHints":{"allow":["GET"]}}],"collection":[{"href":"https:\/\/www.cornyn.senate.gov\/es-mx\/wp-json\/wp\/v2\/pages"}],"about":[{"href":"https:\/\/www.cornyn.senate.gov\/es-mx\/wp-json\/wp\/v2\/types\/page"}],"author":[{"embeddable":true,"href":"https:\/\/www.cornyn.senate.gov\/es-mx\/wp-json\/wp\/v2\/users\/2"}],"replies":[{"embeddable":true,"href":"https:\/\/www.cornyn.senate.gov\/es-mx\/wp-json\/wp\/v2\/comments?post=47316"}],"version-history":[{"count":1,"href":"https:\/\/www.cornyn.senate.gov\/es-mx\/wp-json\/wp\/v2\/pages\/47316\/revisions"}],"predecessor-version":[{"id":47317,"href":"https:\/\/www.cornyn.senate.gov\/es-mx\/wp-json\/wp\/v2\/pages\/47316\/revisions\/47317"}],"wp:attachment":[{"href":"https:\/\/www.cornyn.senate.gov\/es-mx\/wp-json\/wp\/v2\/media?parent=47316"}],"curies":[{"name":"wp","href":"https:\/\/api.w.org\/{rel}","templated":true}]}}